{"id":421,"date":"2025-02-18T19:33:26","date_gmt":"2025-02-18T19:33:26","guid":{"rendered":"https:\/\/opportunitybox.pt\/?page_id=421"},"modified":"2026-04-24T13:38:35","modified_gmt":"2026-04-24T13:38:35","slug":"totens","status":"publish","type":"page","link":"https:\/\/opportunitybox.pt\/index.php\/totens\/","title":{"rendered":"Totens"},"content":{"rendered":"\t\t<div data-elementor-type=\"wp-page\" data-elementor-id=\"421\" class=\"elementor elementor-421\">\n\t\t\t\t<div class=\"elementor-element elementor-element-9882a99 e-flex e-con-boxed wpr-particle-no wpr-jarallax-no wpr-parallax-no wpr-sticky-section-no wpr-equal-height-no e-con e-parent\" data-id=\"9882a99\" data-element_type=\"container\" data-e-type=\"container\" data-settings=\"{&quot;background_background&quot;:&quot;classic&quot;}\">\n\t\t\t\t\t<div class=\"e-con-inner\">\n\t\t\t\t<div class=\"elementor-element elementor-element-617ca57 elementor-widget elementor-widget-heading\" data-id=\"617ca57\" data-element_type=\"widget\" data-e-type=\"widget\" data-widget_type=\"heading.default\">\n\t\t\t\t<div class=\"elementor-widget-container\">\n\t\t\t\t\t<h2 class=\"elementor-heading-title elementor-size-default\">Totens<\/h2>\t\t\t\t<\/div>\n\t\t\t\t<\/div>\n\t\t\t\t\t<\/div>\n\t\t\t\t<\/div>\n\t\t\t\t<section class=\"elementor-section elementor-top-section elementor-element elementor-element-60f56fd elementor-section-boxed elementor-section-height-default elementor-section-height-default wpr-particle-no wpr-jarallax-no wpr-parallax-no wpr-sticky-section-no wpr-equal-height-no\" data-id=\"60f56fd\" data-element_type=\"section\" data-e-type=\"section\" data-settings=\"{&quot;background_background&quot;:&quot;classic&quot;}\">\n\t\t\t\t\t\t<div class=\"elementor-container elementor-column-gap-default\">\n\t\t\t\t\t<div class=\"elementor-column elementor-col-100 elementor-top-column elementor-element elementor-element-1fcf332\" data-id=\"1fcf332\" data-element_type=\"column\" data-e-type=\"column\">\n\t\t\t<div class=\"elementor-widget-wrap elementor-element-populated\">\n\t\t\t\t\t\t<div class=\"elementor-element elementor-element-56448a5 elementor-widget elementor-widget-elementskit-heading\" data-id=\"56448a5\" data-element_type=\"widget\" data-e-type=\"widget\" data-widget_type=\"elementskit-heading.default\">\n\t\t\t\t<div class=\"elementor-widget-container\">\n\t\t\t\t\t<div class=\"ekit-wid-con\" ><div class=\"ekit-heading elementskit-section-title-wraper text_center   ekit_heading_tablet-   ekit_heading_mobile-\"><h2 class=\"ekit-heading--title elementskit-section-title \"><span><span>Totens:<\/span><\/span> Simples, Pr\u00e1ticos e de Grande Impacto Visual<\/h2><div class=\"ekit_heading_separetor_wraper ekit_heading_elementskit-border-divider ekit-dotted\"><div class=\"elementskit-border-divider ekit-dotted\"><\/div><\/div><\/div><\/div>\t\t\t\t<\/div>\n\t\t\t\t<\/div>\n\t\t<div class=\"elementor-element elementor-element-64b8ba5 e-grid e-con-full wpr-particle-no wpr-jarallax-no wpr-parallax-no wpr-sticky-section-no wpr-equal-height-no e-con e-parent\" data-id=\"64b8ba5\" data-element_type=\"container\" data-e-type=\"container\">\n\t\t\t\t<div class=\"elementor-element elementor-element-b341ab0 elementor-widget__width-initial elementor-widget elementor-widget-text-editor\" data-id=\"b341ab0\" data-element_type=\"widget\" data-e-type=\"widget\" data-widget_type=\"text-editor.default\">\n\t\t\t\t<div class=\"elementor-widget-container\">\n\t\t\t\t\t\t\t\t\t<p>Os totens publicit\u00e1rios s\u00e3o ideais para divulgar marcas, produtos e informa\u00e7\u00f5es de forma clara e eficaz. De grande formato e posicionados em altura, garantem alta visibilidade, tanto de dia como \u00e0 noite, especialmente quando iluminados com LED ou n\u00e9on.<\/p><p>Os totens exteriores, fabricados em alum\u00ednio, s\u00e3o comuns em esta\u00e7\u00f5es de servi\u00e7o, postos de combust\u00edvel, stands autom\u00f3veis, restaurantes, sedes empresariais e zonas industriais. J\u00e1 os totens interiores, muitas vezes em tecido, s\u00e3o ideais para centros comerciais, sal\u00f5es de beleza, gin\u00e1sios e escrit\u00f3rios, destacando-se pela sua leveza e facilidade de instala\u00e7\u00e3o.<\/p>\t\t\t\t\t\t\t\t<\/div>\n\t\t\t\t<\/div>\n\t\t\t\t<div class=\"elementor-element elementor-element-c650c82 elementor-widget elementor-widget-image\" data-id=\"c650c82\" data-element_type=\"widget\" data-e-type=\"widget\" data-widget_type=\"image.default\">\n\t\t\t\t<div class=\"elementor-widget-container\">\n\t\t\t\t\t\t\t\t\t\t\t\t\t\t\t<img fetchpriority=\"high\" decoding=\"async\" width=\"800\" height=\"648\" src=\"https:\/\/opportunitybox.pt\/wp-content\/uploads\/2026\/04\/WhatsApp-Image-2026-04-15-at-15.51.41-1024x829.jpeg\" class=\"elementor-animation-shrink attachment-large size-large wp-image-1224\" alt=\"\" srcset=\"https:\/\/opportunitybox.pt\/wp-content\/uploads\/2026\/04\/WhatsApp-Image-2026-04-15-at-15.51.41-1024x829.jpeg 1024w, https:\/\/opportunitybox.pt\/wp-content\/uploads\/2026\/04\/WhatsApp-Image-2026-04-15-at-15.51.41-300x243.jpeg 300w, https:\/\/opportunitybox.pt\/wp-content\/uploads\/2026\/04\/WhatsApp-Image-2026-04-15-at-15.51.41-768x621.jpeg 768w, https:\/\/opportunitybox.pt\/wp-content\/uploads\/2026\/04\/WhatsApp-Image-2026-04-15-at-15.51.41-200x162.jpeg 200w, https:\/\/opportunitybox.pt\/wp-content\/uploads\/2026\/04\/WhatsApp-Image-2026-04-15-at-15.51.41.jpeg 1530w\" sizes=\"(max-width: 800px) 100vw, 800px\" \/>\t\t\t\t\t\t\t\t\t\t\t\t\t\t\t<\/div>\n\t\t\t\t<\/div>\n\t\t\t\t<\/div>\n\t\t\t\t\t<\/div>\n\t\t<\/div>\n\t\t\t\t\t<\/div>\n\t\t<\/section>\n\t\t<div class=\"elementor-element elementor-element-0a02cd6 e-flex e-con-boxed wpr-particle-no wpr-jarallax-no wpr-parallax-no wpr-sticky-section-no wpr-equal-height-no e-con e-parent\" data-id=\"0a02cd6\" data-element_type=\"container\" data-e-type=\"container\" data-settings=\"{&quot;background_background&quot;:&quot;classic&quot;}\">\n\t\t\t\t\t<div class=\"e-con-inner\">\n\t\t\t\t<div class=\"elementor-element elementor-element-e56abd3 elementor-align-center elementor-widget elementor-widget-button\" data-id=\"e56abd3\" data-element_type=\"widget\" data-e-type=\"widget\" data-widget_type=\"button.default\">\n\t\t\t\t<div class=\"elementor-widget-container\">\n\t\t\t\t\t\t\t\t\t<div class=\"elementor-button-wrapper\">\n\t\t\t\t\t<a class=\"elementor-button elementor-button-link elementor-size-sm elementor-animation-shrink\" href=\"https:\/\/wa.link\/b0lj9i\">\n\t\t\t\t\t\t<span class=\"elementor-button-content-wrapper\">\n\t\t\t\t\t\t\t\t\t<span class=\"elementor-button-text\">PEDIR OR\u00c7AMENTO GRATUITO<\/span>\n\t\t\t\t\t<\/span>\n\t\t\t\t\t<\/a>\n\t\t\t\t<\/div>\n\t\t\t\t\t\t\t\t<\/div>\n\t\t\t\t<\/div>\n\t\t\t\t\t<\/div>\n\t\t\t\t<\/div>\n\t\t\t\t<section class=\"elementor-section elementor-top-section elementor-element elementor-element-7de0526 elementor-section-boxed elementor-section-height-default elementor-section-height-default wpr-particle-no wpr-jarallax-no wpr-parallax-no wpr-sticky-section-no wpr-equal-height-no\" data-id=\"7de0526\" data-element_type=\"section\" data-e-type=\"section\">\n\t\t\t\t\t\t<div class=\"elementor-container elementor-column-gap-default\">\n\t\t\t\t\t<div class=\"elementor-column elementor-col-100 elementor-top-column elementor-element elementor-element-3c31b7d\" data-id=\"3c31b7d\" data-element_type=\"column\" data-e-type=\"column\">\n\t\t\t<div class=\"elementor-widget-wrap elementor-element-populated\">\n\t\t\t\t\t\t<div class=\"elementor-element elementor-element-76c5606 elementor-widget elementor-widget-elementskit-heading\" data-id=\"76c5606\" data-element_type=\"widget\" data-e-type=\"widget\" data-widget_type=\"elementskit-heading.default\">\n\t\t\t\t<div class=\"elementor-widget-container\">\n\t\t\t\t\t<div class=\"ekit-wid-con\" ><div class=\"ekit-heading elementskit-section-title-wraper text_center   ekit_heading_tablet-   ekit_heading_mobile-\"><h2 class=\"ekit-heading--title elementskit-section-title \">Totens publicit\u00e1rios<\/h2><div class=\"ekit_heading_separetor_wraper ekit_heading_elementskit-border-divider ekit-dotted\"><div class=\"elementskit-border-divider ekit-dotted\"><\/div><\/div><\/div><\/div>\t\t\t\t<\/div>\n\t\t\t\t<\/div>\n\t\t<div class=\"elementor-element elementor-element-63c70c5 e-grid e-con-boxed wpr-particle-no wpr-jarallax-no wpr-parallax-no wpr-sticky-section-no wpr-equal-height-no e-con e-parent\" data-id=\"63c70c5\" data-element_type=\"container\" data-e-type=\"container\">\n\t\t\t\t\t<div class=\"e-con-inner\">\n\t\t\t\t<div class=\"elementor-element elementor-element-eb6d35f elementor-widget__width-initial elementor-widget elementor-widget-text-editor\" data-id=\"eb6d35f\" data-element_type=\"widget\" data-e-type=\"widget\" data-widget_type=\"text-editor.default\">\n\t\t\t\t<div class=\"elementor-widget-container\">\n\t\t\t\t\t\t\t\t\t<p style=\"text-align: center;\">Com duas faces para maior visibilidade, os totens publicit\u00e1rios podem ser instalados em altura, com luz ou efeito girat\u00f3rio, chamando a aten\u00e7\u00e3o para novos neg\u00f3cios, produtos ou promo\u00e7\u00f5es. Al\u00e9m de identifica\u00e7\u00e3o, funcionam como uma ferramenta de marketing eficaz.<\/p>\t\t\t\t\t\t\t\t<\/div>\n\t\t\t\t<\/div>\n\t\t\t\t\t<\/div>\n\t\t\t\t<\/div>\n\t\t\t\t\t<\/div>\n\t\t<\/div>\n\t\t\t\t\t<\/div>\n\t\t<\/section>\n\t\t<div class=\"elementor-element elementor-element-1ef2be0 e-grid e-con-boxed wpr-particle-no wpr-jarallax-no wpr-parallax-no wpr-sticky-section-no wpr-equal-height-no e-con e-parent\" data-id=\"1ef2be0\" data-element_type=\"container\" data-e-type=\"container\" data-settings=\"{&quot;background_background&quot;:&quot;classic&quot;}\">\n\t\t\t\t\t<div class=\"e-con-inner\">\n\t\t\t\t<div class=\"elementor-element elementor-element-9878003 elementor-widget elementor-widget-image\" data-id=\"9878003\" data-element_type=\"widget\" data-e-type=\"widget\" data-widget_type=\"image.default\">\n\t\t\t\t<div class=\"elementor-widget-container\">\n\t\t\t\t\t\t\t\t\t\t\t\t\t\t\t<img decoding=\"async\" width=\"608\" height=\"1024\" src=\"https:\/\/opportunitybox.pt\/wp-content\/uploads\/2026\/04\/vghvgh-608x1024.jpeg\" class=\"elementor-animation-shrink attachment-large size-large wp-image-1231\" alt=\"\" srcset=\"https:\/\/opportunitybox.pt\/wp-content\/uploads\/2026\/04\/vghvgh-608x1024.jpeg 608w, https:\/\/opportunitybox.pt\/wp-content\/uploads\/2026\/04\/vghvgh-178x300.jpeg 178w, https:\/\/opportunitybox.pt\/wp-content\/uploads\/2026\/04\/vghvgh-768x1294.jpeg 768w, https:\/\/opportunitybox.pt\/wp-content\/uploads\/2026\/04\/vghvgh-912x1536.jpeg 912w, https:\/\/opportunitybox.pt\/wp-content\/uploads\/2026\/04\/vghvgh-200x337.jpeg 200w, https:\/\/opportunitybox.pt\/wp-content\/uploads\/2026\/04\/vghvgh.jpeg 920w\" sizes=\"(max-width: 608px) 100vw, 608px\" \/>\t\t\t\t\t\t\t\t\t\t\t\t\t\t\t<\/div>\n\t\t\t\t<\/div>\n\t\t\t\t<div class=\"elementor-element elementor-element-59390a7 elementor-widget elementor-widget-image\" data-id=\"59390a7\" data-element_type=\"widget\" data-e-type=\"widget\" data-widget_type=\"image.default\">\n\t\t\t\t<div class=\"elementor-widget-container\">\n\t\t\t\t\t\t\t\t\t\t\t\t\t\t\t<img decoding=\"async\" width=\"972\" height=\"1171\" src=\"https:\/\/opportunitybox.pt\/wp-content\/uploads\/2026\/04\/fgfdgfd.jpeg\" class=\"elementor-animation-shrink attachment-full size-full wp-image-1229\" alt=\"\" srcset=\"https:\/\/opportunitybox.pt\/wp-content\/uploads\/2026\/04\/fgfdgfd.jpeg 972w, https:\/\/opportunitybox.pt\/wp-content\/uploads\/2026\/04\/fgfdgfd-249x300.jpeg 249w, https:\/\/opportunitybox.pt\/wp-content\/uploads\/2026\/04\/fgfdgfd-850x1024.jpeg 850w, https:\/\/opportunitybox.pt\/wp-content\/uploads\/2026\/04\/fgfdgfd-768x925.jpeg 768w, https:\/\/opportunitybox.pt\/wp-content\/uploads\/2026\/04\/fgfdgfd-200x241.jpeg 200w\" sizes=\"(max-width: 972px) 100vw, 972px\" \/>\t\t\t\t\t\t\t\t\t\t\t\t\t\t\t<\/div>\n\t\t\t\t<\/div>\n\t\t\t\t<div class=\"elementor-element elementor-element-e275dcc elementor-widget elementor-widget-image\" data-id=\"e275dcc\" data-element_type=\"widget\" data-e-type=\"widget\" data-widget_type=\"image.default\">\n\t\t\t\t<div class=\"elementor-widget-container\">\n\t\t\t\t\t\t\t\t\t\t\t\t\t\t\t<img loading=\"lazy\" decoding=\"async\" width=\"783\" height=\"1024\" src=\"https:\/\/opportunitybox.pt\/wp-content\/uploads\/2026\/04\/WhatsApp-Image-2026-04-15-at-16.10.10-783x1024.jpeg\" class=\"elementor-animation-shrink attachment-large size-large wp-image-1247\" alt=\"\" srcset=\"https:\/\/opportunitybox.pt\/wp-content\/uploads\/2026\/04\/WhatsApp-Image-2026-04-15-at-16.10.10-783x1024.jpeg 783w, https:\/\/opportunitybox.pt\/wp-content\/uploads\/2026\/04\/WhatsApp-Image-2026-04-15-at-16.10.10-230x300.jpeg 230w, https:\/\/opportunitybox.pt\/wp-content\/uploads\/2026\/04\/WhatsApp-Image-2026-04-15-at-16.10.10-768x1004.jpeg 768w, https:\/\/opportunitybox.pt\/wp-content\/uploads\/2026\/04\/WhatsApp-Image-2026-04-15-at-16.10.10-200x261.jpeg 200w, https:\/\/opportunitybox.pt\/wp-content\/uploads\/2026\/04\/WhatsApp-Image-2026-04-15-at-16.10.10.jpeg 902w\" sizes=\"(max-width: 783px) 100vw, 783px\" \/>\t\t\t\t\t\t\t\t\t\t\t\t\t\t\t<\/div>\n\t\t\t\t<\/div>\n\t\t\t\t<div class=\"elementor-element elementor-element-c85dc63 elementor-widget elementor-widget-image\" data-id=\"c85dc63\" data-element_type=\"widget\" data-e-type=\"widget\" data-widget_type=\"image.default\">\n\t\t\t\t<div class=\"elementor-widget-container\">\n\t\t\t\t\t\t\t\t\t\t\t\t\t\t\t<img loading=\"lazy\" decoding=\"async\" width=\"754\" height=\"1024\" src=\"https:\/\/opportunitybox.pt\/wp-content\/uploads\/2026\/04\/1-2-754x1024.png\" class=\"elementor-animation-shrink attachment-large size-large wp-image-1240\" alt=\"\" srcset=\"https:\/\/opportunitybox.pt\/wp-content\/uploads\/2026\/04\/1-2-754x1024.png 754w, https:\/\/opportunitybox.pt\/wp-content\/uploads\/2026\/04\/1-2-221x300.png 221w, https:\/\/opportunitybox.pt\/wp-content\/uploads\/2026\/04\/1-2-768x1042.png 768w, https:\/\/opportunitybox.pt\/wp-content\/uploads\/2026\/04\/1-2-200x271.png 200w, https:\/\/opportunitybox.pt\/wp-content\/uploads\/2026\/04\/1-2.png 834w\" sizes=\"(max-width: 754px) 100vw, 754px\" \/>\t\t\t\t\t\t\t\t\t\t\t\t\t\t\t<\/div>\n\t\t\t\t<\/div>\n\t\t\t\t\t<\/div>\n\t\t\t\t<\/div>\n\t\t\t\t<section class=\"elementor-section elementor-top-section elementor-element elementor-element-39c1f9d elementor-section-boxed elementor-section-height-default elementor-section-height-default wpr-particle-no wpr-jarallax-no wpr-parallax-no wpr-sticky-section-no wpr-equal-height-no\" data-id=\"39c1f9d\" data-element_type=\"section\" data-e-type=\"section\" data-settings=\"{&quot;background_background&quot;:&quot;classic&quot;}\">\n\t\t\t\t\t\t<div class=\"elementor-container elementor-column-gap-default\">\n\t\t\t\t\t<div class=\"elementor-column elementor-col-100 elementor-top-column elementor-element elementor-element-a5350e3\" data-id=\"a5350e3\" data-element_type=\"column\" data-e-type=\"column\">\n\t\t\t<div class=\"elementor-widget-wrap elementor-element-populated\">\n\t\t\t\t\t\t<div class=\"elementor-element elementor-element-4e5227a elementor-widget elementor-widget-elementskit-heading\" data-id=\"4e5227a\" data-element_type=\"widget\" data-e-type=\"widget\" data-widget_type=\"elementskit-heading.default\">\n\t\t\t\t<div class=\"elementor-widget-container\">\n\t\t\t\t\t<div class=\"ekit-wid-con\" ><div class=\"ekit-heading elementskit-section-title-wraper text_center   ekit_heading_tablet-   ekit_heading_mobile-\"><h2 class=\"ekit-heading--title elementskit-section-title \">Totens Luminosos<\/h2><div class=\"ekit_heading_separetor_wraper ekit_heading_elementskit-border-divider ekit-dotted\"><div class=\"elementskit-border-divider ekit-dotted\"><\/div><\/div><\/div><\/div>\t\t\t\t<\/div>\n\t\t\t\t<\/div>\n\t\t<div class=\"elementor-element elementor-element-5a1f496 e-grid e-con-boxed wpr-particle-no wpr-jarallax-no wpr-parallax-no wpr-sticky-section-no wpr-equal-height-no e-con e-parent\" data-id=\"5a1f496\" data-element_type=\"container\" data-e-type=\"container\">\n\t\t\t\t\t<div class=\"e-con-inner\">\n\t\t\t\t<div class=\"elementor-element elementor-element-af543b7 elementor-widget__width-initial elementor-widget elementor-widget-text-editor\" data-id=\"af543b7\" data-element_type=\"widget\" data-e-type=\"widget\" data-widget_type=\"text-editor.default\">\n\t\t\t\t<div class=\"elementor-widget-container\">\n\t\t\t\t\t\t\t\t\tOs totens luminosos ampliam a sua visibilidade gra\u00e7as \u00e0 ilumina\u00e7\u00e3o em LED, n\u00e9on ou caixas de luz, tornando-se facilmente vis\u00edveis em qualquer hor\u00e1rio. S\u00e3o especialmente eficazes em locais de grande circula\u00e7\u00e3o, como supermercados, centros comerciais, aeroportos, feiras e eventos.\t\t\t\t\t\t\t\t<\/div>\n\t\t\t\t<\/div>\n\t\t\t\t\t<\/div>\n\t\t\t\t<\/div>\n\t\t\t\t\t<\/div>\n\t\t<\/div>\n\t\t\t\t\t<\/div>\n\t\t<\/section>\n\t\t<div class=\"elementor-element elementor-element-2dd56e9 e-flex e-con-boxed wpr-particle-no wpr-jarallax-no wpr-parallax-no wpr-sticky-section-no wpr-equal-height-no e-con e-parent\" data-id=\"2dd56e9\" data-element_type=\"container\" data-e-type=\"container\">\n\t\t\t\t\t<div class=\"e-con-inner\">\n\t\t<div class=\"elementor-element elementor-element-1b4f2bd e-con-full e-flex wpr-particle-no wpr-jarallax-no wpr-parallax-no wpr-sticky-section-no wpr-equal-height-no e-con e-child\" data-id=\"1b4f2bd\" data-element_type=\"container\" data-e-type=\"container\" data-settings=\"{&quot;background_background&quot;:&quot;classic&quot;}\">\n\t\t\t\t<div class=\"elementor-element elementor-element-c97b17f elementor-widget elementor-widget-spacer\" data-id=\"c97b17f\" data-element_type=\"widget\" data-e-type=\"widget\" data-widget_type=\"spacer.default\">\n\t\t\t\t<div class=\"elementor-widget-container\">\n\t\t\t\t\t\t\t<div class=\"elementor-spacer\">\n\t\t\t<div class=\"elementor-spacer-inner\"><\/div>\n\t\t<\/div>\n\t\t\t\t\t\t<\/div>\n\t\t\t\t<\/div>\n\t\t\t\t<\/div>\n\t\t<div class=\"elementor-element elementor-element-4ec33d3 e-con-full e-flex wpr-particle-no wpr-jarallax-no wpr-parallax-no wpr-sticky-section-no wpr-equal-height-no e-con e-child\" data-id=\"4ec33d3\" data-element_type=\"container\" data-e-type=\"container\">\n\t\t\t\t<div class=\"elementor-element elementor-element-05dfad0 elementor-widget elementor-widget-elementskit-heading\" data-id=\"05dfad0\" data-element_type=\"widget\" data-e-type=\"widget\" data-widget_type=\"elementskit-heading.default\">\n\t\t\t\t<div class=\"elementor-widget-container\">\n\t\t\t\t\t<div class=\"ekit-wid-con\" ><div class=\"ekit-heading elementskit-section-title-wraper text_center   ekit_heading_tablet-   ekit_heading_mobile-\"><h2 class=\"ekit-heading--title elementskit-section-title \">Totens <span><span>personalizados<\/span><\/span><\/h2><div class=\"ekit_heading_separetor_wraper ekit_heading_elementskit-border-divider ekit-dotted\"><div class=\"elementskit-border-divider ekit-dotted\"><\/div><\/div><\/div><\/div>\t\t\t\t<\/div>\n\t\t\t\t<\/div>\n\t\t\t\t<div class=\"elementor-element elementor-element-183700a elementor-widget__width-initial elementor-widget elementor-widget-text-editor\" data-id=\"183700a\" data-element_type=\"widget\" data-e-type=\"widget\" data-widget_type=\"text-editor.default\">\n\t\t\t\t<div class=\"elementor-widget-container\">\n\t\t\t\t\t\t\t\t\t<p>Fabricamos totens personalizados conforme as especifica\u00e7\u00f5es de cada cliente. O design, tamanho e formato s\u00e3o ajustados \u00e0s necessidades da marca. Cuidamos de todo o processo de licenciamento para instala\u00e7\u00e3o em via p\u00fablica e garantimos assist\u00eancia t\u00e9cnica para todos os tipos de totens. Utilizamos materiais dur\u00e1veis e resistentes, adaptados ao local de coloca\u00e7\u00e3o para assegurar a m\u00e1xima qualidade e longevidade.<\/p>\t\t\t\t\t\t\t\t<\/div>\n\t\t\t\t<\/div>\n\t\t\t\t<\/div>\n\t\t\t\t\t<\/div>\n\t\t\t\t<\/div>\n\t\t<div class=\"elementor-element elementor-element-02f783a e-flex e-con-boxed wpr-particle-no wpr-jarallax-no wpr-parallax-no wpr-sticky-section-no wpr-equal-height-no e-con e-parent\" data-id=\"02f783a\" data-element_type=\"container\" data-e-type=\"container\" data-settings=\"{&quot;background_background&quot;:&quot;classic&quot;}\">\n\t\t\t\t\t<div class=\"e-con-inner\">\n\t\t\t\t<div class=\"elementor-element elementor-element-318630a elementor-widget elementor-widget-elementskit-heading\" data-id=\"318630a\" data-element_type=\"widget\" data-e-type=\"widget\" data-widget_type=\"elementskit-heading.default\">\n\t\t\t\t<div class=\"elementor-widget-container\">\n\t\t\t\t\t<div class=\"ekit-wid-con\" ><div class=\"ekit-heading elementskit-section-title-wraper center   ekit_heading_tablet-   ekit_heading_mobile-\"><h2 class=\"ekit-heading--title elementskit-section-title \">Fale connosco e <br>pe\u00e7a j\u00e1 o seu <br><span><span>or\u00e7amento sem compromisso<\/span><\/span><\/h2><\/div><\/div>\t\t\t\t<\/div>\n\t\t\t\t<\/div>\n\t\t\t\t<div class=\"elementor-element elementor-element-294cfe3 elementor-align-start elementor-icon-list--layout-inline elementor-mobile-align-center elementor-list-item-link-full_width elementor-widget elementor-widget-icon-list\" data-id=\"294cfe3\" data-element_type=\"widget\" data-e-type=\"widget\" data-widget_type=\"icon-list.default\">\n\t\t\t\t<div class=\"elementor-widget-container\">\n\t\t\t\t\t\t\t<ul class=\"elementor-icon-list-items elementor-inline-items\">\n\t\t\t\t\t\t\t<li class=\"elementor-icon-list-item elementor-inline-item\">\n\t\t\t\t\t\t\t\t\t\t\t<span class=\"elementor-icon-list-icon\">\n\t\t\t\t\t\t\t<svg aria-hidden=\"true\" class=\"e-font-icon-svg e-fas-pencil-ruler\" viewBox=\"0 0 512 512\" xmlns=\"http:\/\/www.w3.org\/2000\/svg\"><path d=\"M109.46 244.04l134.58-134.56-44.12-44.12-61.68 61.68a7.919 7.919 0 0 1-11.21 0l-11.21-11.21c-3.1-3.1-3.1-8.12 0-11.21l61.68-61.68-33.64-33.65C131.47-3.1 111.39-3.1 99 9.29L9.29 99c-12.38 12.39-12.39 32.47 0 44.86l100.17 100.18zm388.47-116.8c18.76-18.76 18.75-49.17 0-67.93l-45.25-45.25c-18.76-18.76-49.18-18.76-67.95 0l-46.02 46.01 113.2 113.2 46.02-46.03zM316.08 82.71l-297 296.96L.32 487.11c-2.53 14.49 10.09 27.11 24.59 24.56l107.45-18.84L429.28 195.9 316.08 82.71zm186.63 285.43l-33.64-33.64-61.68 61.68c-3.1 3.1-8.12 3.1-11.21 0l-11.21-11.21c-3.09-3.1-3.09-8.12 0-11.21l61.68-61.68-44.14-44.14L267.93 402.5l100.21 100.2c12.39 12.39 32.47 12.39 44.86 0l89.71-89.7c12.39-12.39 12.39-32.47 0-44.86z\"><\/path><\/svg>\t\t\t\t\t\t<\/span>\n\t\t\t\t\t\t\t\t\t\t<span class=\"elementor-icon-list-text\">Realizamos o Design<\/span>\n\t\t\t\t\t\t\t\t\t<\/li>\n\t\t\t\t\t\t\t\t<li class=\"elementor-icon-list-item elementor-inline-item\">\n\t\t\t\t\t\t\t\t\t\t\t<span class=\"elementor-icon-list-icon\">\n\t\t\t\t\t\t\t<svg aria-hidden=\"true\" class=\"e-font-icon-svg e-fas-industry\" viewBox=\"0 0 512 512\" xmlns=\"http:\/\/www.w3.org\/2000\/svg\"><path d=\"M475.115 163.781L336 252.309v-68.28c0-18.916-20.931-30.399-36.885-20.248L160 252.309V56c0-13.255-10.745-24-24-24H24C10.745 32 0 42.745 0 56v400c0 13.255 10.745 24 24 24h464c13.255 0 24-10.745 24-24V184.029c0-18.917-20.931-30.399-36.885-20.248z\"><\/path><\/svg>\t\t\t\t\t\t<\/span>\n\t\t\t\t\t\t\t\t\t\t<span class=\"elementor-icon-list-text\">Produ\u00e7\u00e3o<\/span>\n\t\t\t\t\t\t\t\t\t<\/li>\n\t\t\t\t\t\t\t\t<li class=\"elementor-icon-list-item elementor-inline-item\">\n\t\t\t\t\t\t\t\t\t\t\t<span class=\"elementor-icon-list-icon\">\n\t\t\t\t\t\t\t<i aria-hidden=\"true\" class=\"icon icon-engine\"><\/i>\t\t\t\t\t\t<\/span>\n\t\t\t\t\t\t\t\t\t\t<span class=\"elementor-icon-list-text\">Montagem<\/span>\n\t\t\t\t\t\t\t\t\t<\/li>\n\t\t\t\t\t\t<\/ul>\n\t\t\t\t\t\t<\/div>\n\t\t\t\t<\/div>\n\t\t\t\t\t<\/div>\n\t\t\t\t<\/div>\n\t\t\t\t<\/div>\n\t\t","protected":false},"excerpt":{"rendered":"<p>Totens Totens: Simples, Pr\u00e1ticos e de Grande Impacto Visual Os totens publicit\u00e1rios s\u00e3o ideais para divulgar marcas, produtos e informa\u00e7\u00f5es de forma clara e eficaz. De grande formato e posicionados em altura, garantem alta visibilidade, tanto de dia como \u00e0 noite, especialmente quando iluminados com LED ou n\u00e9on. Os totens exteriores, fabricados em alum\u00ednio, s\u00e3o comuns em esta\u00e7\u00f5es de servi\u00e7o, postos de combust\u00edvel, stands autom\u00f3veis, restaurantes, sedes empresariais e zonas industriais. J\u00e1 os totens interiores, muitas vezes em tecido, s\u00e3o ideais para centros comerciais, sal\u00f5es de beleza, gin\u00e1sios e escrit\u00f3rios, destacando-se pela sua leveza e facilidade de instala\u00e7\u00e3o. PEDIR OR\u00c7AMENTO GRATUITO Totens publicit\u00e1rios Com duas faces para maior visibilidade, os totens publicit\u00e1rios podem ser instalados em altura, com luz ou efeito girat\u00f3rio, chamando a aten\u00e7\u00e3o para novos neg\u00f3cios, produtos ou promo\u00e7\u00f5es. Al\u00e9m de identifica\u00e7\u00e3o, funcionam como uma ferramenta de marketing eficaz. Totens Luminosos Os totens luminosos ampliam a sua visibilidade gra\u00e7as \u00e0 ilumina\u00e7\u00e3o em LED, n\u00e9on ou caixas de luz, tornando-se facilmente vis\u00edveis em qualquer hor\u00e1rio. S\u00e3o especialmente eficazes em locais de grande circula\u00e7\u00e3o, como supermercados, centros comerciais, aeroportos, feiras e eventos. Totens personalizados Fabricamos totens personalizados conforme as especifica\u00e7\u00f5es de cada cliente. O design, tamanho e formato s\u00e3o ajustados \u00e0s necessidades da marca. Cuidamos de todo o processo de licenciamento para instala\u00e7\u00e3o em via p\u00fablica e garantimos assist\u00eancia t\u00e9cnica para todos os tipos de totens. Utilizamos materiais dur\u00e1veis e resistentes, adaptados ao local de coloca\u00e7\u00e3o para assegurar a m\u00e1xima qualidade e longevidade. Fale connosco e pe\u00e7a j\u00e1 o seu or\u00e7amento sem compromisso Realizamos o Design Produ\u00e7\u00e3o Montagem<\/p>\n","protected":false},"author":1,"featured_media":0,"parent":0,"menu_order":0,"comment_status":"closed","ping_status":"closed","template":"","meta":{"footnotes":""},"class_list":["post-421","page","type-page","status-publish","hentry"],"_links":{"self":[{"href":"https:\/\/opportunitybox.pt\/index.php\/wp-json\/wp\/v2\/pages\/421","targetHints":{"allow":["GET"]}}],"collection":[{"href":"https:\/\/opportunitybox.pt\/index.php\/wp-json\/wp\/v2\/pages"}],"about":[{"href":"https:\/\/opportunitybox.pt\/index.php\/wp-json\/wp\/v2\/types\/page"}],"author":[{"embeddable":true,"href":"https:\/\/opportunitybox.pt\/index.php\/wp-json\/wp\/v2\/users\/1"}],"replies":[{"embeddable":true,"href":"https:\/\/opportunitybox.pt\/index.php\/wp-json\/wp\/v2\/comments?post=421"}],"version-history":[{"count":58,"href":"https:\/\/opportunitybox.pt\/index.php\/wp-json\/wp\/v2\/pages\/421\/revisions"}],"predecessor-version":[{"id":2034,"href":"https:\/\/opportunitybox.pt\/index.php\/wp-json\/wp\/v2\/pages\/421\/revisions\/2034"}],"wp:attachment":[{"href":"https:\/\/opportunitybox.pt\/index.php\/wp-json\/wp\/v2\/media?parent=421"}],"curies":[{"name":"wp","href":"https:\/\/api.w.org\/{rel}","templated":true}]}}