{"id":198,"date":"2025-02-14T00:27:59","date_gmt":"2025-02-14T00:27:59","guid":{"rendered":"https:\/\/opportunitybox.pt\/?page_id=198"},"modified":"2026-04-24T11:20:53","modified_gmt":"2026-04-24T11:20:53","slug":"potfolio","status":"publish","type":"page","link":"https:\/\/opportunitybox.pt\/index.php\/potfolio\/","title":{"rendered":"Portf\u00f3lio"},"content":{"rendered":"\t\t<div data-elementor-type=\"wp-page\" data-elementor-id=\"198\" class=\"elementor elementor-198\">\n\t\t\t\t<div class=\"elementor-element elementor-element-1505969 e-flex e-con-boxed wpr-particle-no wpr-jarallax-no wpr-parallax-no wpr-sticky-section-no wpr-equal-height-no e-con e-parent\" data-id=\"1505969\" data-element_type=\"container\" data-e-type=\"container\" data-settings=\"{&quot;background_background&quot;:&quot;classic&quot;}\">\n\t\t\t\t\t<div class=\"e-con-inner\">\n\t\t\t\t<div class=\"elementor-element elementor-element-cfbaa64 elementor-widget elementor-widget-heading\" data-id=\"cfbaa64\" data-element_type=\"widget\" data-e-type=\"widget\" data-widget_type=\"heading.default\">\n\t\t\t\t<div class=\"elementor-widget-container\">\n\t\t\t\t\t<h2 class=\"elementor-heading-title elementor-size-default\">Portf\u00f3lio<\/h2>\t\t\t\t<\/div>\n\t\t\t\t<\/div>\n\t\t\t\t\t<\/div>\n\t\t\t\t<\/div>\n\t\t<div class=\"elementor-element elementor-element-fb3002c e-grid e-con-boxed wpr-particle-no wpr-jarallax-no wpr-parallax-no wpr-sticky-section-no wpr-equal-height-no e-con e-parent\" data-id=\"fb3002c\" data-element_type=\"container\" data-e-type=\"container\" data-settings=\"{&quot;background_background&quot;:&quot;classic&quot;}\">\n\t\t\t\t\t<div class=\"e-con-inner\">\n\t\t\t\t<div class=\"elementor-element elementor-element-9741e8b elementor-widget elementor-widget-image\" data-id=\"9741e8b\" data-element_type=\"widget\" data-e-type=\"widget\" data-widget_type=\"image.default\">\n\t\t\t\t<div class=\"elementor-widget-container\">\n\t\t\t\t\t\t\t\t\t\t\t\t\t\t\t\t<a href=\"https:\/\/opportunitybox.pt\/index.php\/portfolio-reclamos\/\">\n\t\t\t\t\t\t\t<img fetchpriority=\"high\" decoding=\"async\" width=\"800\" height=\"672\" src=\"https:\/\/opportunitybox.pt\/wp-content\/uploads\/2026\/04\/reclamos-1024x860.png\" class=\"elementor-animation-shrink attachment-large size-large wp-image-825\" alt=\"\" srcset=\"https:\/\/opportunitybox.pt\/wp-content\/uploads\/2026\/04\/reclamos-1024x860.png 1024w, https:\/\/opportunitybox.pt\/wp-content\/uploads\/2026\/04\/reclamos-300x252.png 300w, https:\/\/opportunitybox.pt\/wp-content\/uploads\/2026\/04\/reclamos-768x645.png 768w, https:\/\/opportunitybox.pt\/wp-content\/uploads\/2026\/04\/reclamos-1536x1290.png 1536w, https:\/\/opportunitybox.pt\/wp-content\/uploads\/2026\/04\/reclamos-200x168.png 200w, https:\/\/opportunitybox.pt\/wp-content\/uploads\/2026\/04\/reclamos.png 1789w\" sizes=\"(max-width: 800px) 100vw, 800px\" \/>\t\t\t\t\t\t\t\t<\/a>\n\t\t\t\t\t\t\t\t\t\t\t\t\t\t\t<\/div>\n\t\t\t\t<\/div>\n\t\t\t\t<div class=\"elementor-element elementor-element-1eeffcd elementor-widget elementor-widget-image\" data-id=\"1eeffcd\" data-element_type=\"widget\" data-e-type=\"widget\" data-widget_type=\"image.default\">\n\t\t\t\t<div class=\"elementor-widget-container\">\n\t\t\t\t\t\t\t\t\t\t\t\t\t\t\t\t<a href=\"https:\/\/opportunitybox.pt\/index.php\/letras-3d-portfolio\/\">\n\t\t\t\t\t\t\t<img decoding=\"async\" width=\"800\" height=\"672\" src=\"https:\/\/opportunitybox.pt\/wp-content\/uploads\/2026\/04\/3d-1024x860.png\" class=\"elementor-animation-shrink attachment-large size-large wp-image-833\" alt=\"\" srcset=\"https:\/\/opportunitybox.pt\/wp-content\/uploads\/2026\/04\/3d-1024x860.png 1024w, https:\/\/opportunitybox.pt\/wp-content\/uploads\/2026\/04\/3d-300x252.png 300w, https:\/\/opportunitybox.pt\/wp-content\/uploads\/2026\/04\/3d-768x645.png 768w, https:\/\/opportunitybox.pt\/wp-content\/uploads\/2026\/04\/3d-1536x1290.png 1536w, https:\/\/opportunitybox.pt\/wp-content\/uploads\/2026\/04\/3d-200x168.png 200w, https:\/\/opportunitybox.pt\/wp-content\/uploads\/2026\/04\/3d.png 1789w\" sizes=\"(max-width: 800px) 100vw, 800px\" \/>\t\t\t\t\t\t\t\t<\/a>\n\t\t\t\t\t\t\t\t\t\t\t\t\t\t\t<\/div>\n\t\t\t\t<\/div>\n\t\t\t\t<div class=\"elementor-element elementor-element-2be9c4e elementor-widget elementor-widget-image\" data-id=\"2be9c4e\" data-element_type=\"widget\" data-e-type=\"widget\" data-widget_type=\"image.default\">\n\t\t\t\t<div class=\"elementor-widget-container\">\n\t\t\t\t\t\t\t\t\t\t\t\t\t\t\t\t<a href=\"https:\/\/opportunitybox.pt\/index.php\/sinaletica-portfolio\/\">\n\t\t\t\t\t\t\t<img decoding=\"async\" width=\"800\" height=\"672\" src=\"https:\/\/opportunitybox.pt\/wp-content\/uploads\/2026\/04\/sinaletica-1024x860.png\" class=\"elementor-animation-shrink attachment-large size-large wp-image-827\" alt=\"\" srcset=\"https:\/\/opportunitybox.pt\/wp-content\/uploads\/2026\/04\/sinaletica-1024x860.png 1024w, https:\/\/opportunitybox.pt\/wp-content\/uploads\/2026\/04\/sinaletica-300x252.png 300w, https:\/\/opportunitybox.pt\/wp-content\/uploads\/2026\/04\/sinaletica-768x645.png 768w, https:\/\/opportunitybox.pt\/wp-content\/uploads\/2026\/04\/sinaletica-1536x1290.png 1536w, https:\/\/opportunitybox.pt\/wp-content\/uploads\/2026\/04\/sinaletica-200x168.png 200w, https:\/\/opportunitybox.pt\/wp-content\/uploads\/2026\/04\/sinaletica.png 1789w\" sizes=\"(max-width: 800px) 100vw, 800px\" \/>\t\t\t\t\t\t\t\t<\/a>\n\t\t\t\t\t\t\t\t\t\t\t\t\t\t\t<\/div>\n\t\t\t\t<\/div>\n\t\t\t\t<div class=\"elementor-element elementor-element-1dccd0b elementor-widget elementor-widget-image\" data-id=\"1dccd0b\" data-element_type=\"widget\" data-e-type=\"widget\" data-widget_type=\"image.default\">\n\t\t\t\t<div class=\"elementor-widget-container\">\n\t\t\t\t\t\t\t\t\t\t\t\t\t\t\t\t<a href=\"https:\/\/opportunitybox.pt\/index.php\/impressao-portfolio\/\">\n\t\t\t\t\t\t\t<img loading=\"lazy\" decoding=\"async\" width=\"800\" height=\"672\" src=\"https:\/\/opportunitybox.pt\/wp-content\/uploads\/2026\/04\/imp-1024x860.png\" class=\"elementor-animation-shrink attachment-large size-large wp-image-836\" alt=\"\" srcset=\"https:\/\/opportunitybox.pt\/wp-content\/uploads\/2026\/04\/imp-1024x860.png 1024w, https:\/\/opportunitybox.pt\/wp-content\/uploads\/2026\/04\/imp-300x252.png 300w, https:\/\/opportunitybox.pt\/wp-content\/uploads\/2026\/04\/imp-768x645.png 768w, https:\/\/opportunitybox.pt\/wp-content\/uploads\/2026\/04\/imp-1536x1290.png 1536w, https:\/\/opportunitybox.pt\/wp-content\/uploads\/2026\/04\/imp-200x168.png 200w, https:\/\/opportunitybox.pt\/wp-content\/uploads\/2026\/04\/imp.png 1789w\" sizes=\"(max-width: 800px) 100vw, 800px\" \/>\t\t\t\t\t\t\t\t<\/a>\n\t\t\t\t\t\t\t\t\t\t\t\t\t\t\t<\/div>\n\t\t\t\t<\/div>\n\t\t\t\t<div class=\"elementor-element elementor-element-607f750 elementor-widget elementor-widget-heading\" data-id=\"607f750\" data-element_type=\"widget\" data-e-type=\"widget\" data-widget_type=\"heading.default\">\n\t\t\t\t<div class=\"elementor-widget-container\">\n\t\t\t\t\t<h2 class=\"elementor-heading-title elementor-size-default\">Reclamos Luminosos<\/h2>\t\t\t\t<\/div>\n\t\t\t\t<\/div>\n\t\t\t\t<div class=\"elementor-element elementor-element-2430765 elementor-widget elementor-widget-heading\" data-id=\"2430765\" data-element_type=\"widget\" data-e-type=\"widget\" data-widget_type=\"heading.default\">\n\t\t\t\t<div class=\"elementor-widget-container\">\n\t\t\t\t\t<h2 class=\"elementor-heading-title elementor-size-default\">Letras 3D Monobloco<\/h2>\t\t\t\t<\/div>\n\t\t\t\t<\/div>\n\t\t\t\t<div class=\"elementor-element elementor-element-63631b7 elementor-widget elementor-widget-heading\" data-id=\"63631b7\" data-element_type=\"widget\" data-e-type=\"widget\" data-widget_type=\"heading.default\">\n\t\t\t\t<div class=\"elementor-widget-container\">\n\t\t\t\t\t<h2 class=\"elementor-heading-title elementor-size-default\">Sinal\u00e9tica<\/h2>\t\t\t\t<\/div>\n\t\t\t\t<\/div>\n\t\t\t\t<div class=\"elementor-element elementor-element-6ac92b3 elementor-widget elementor-widget-heading\" data-id=\"6ac92b3\" data-element_type=\"widget\" data-e-type=\"widget\" data-widget_type=\"heading.default\">\n\t\t\t\t<div class=\"elementor-widget-container\">\n\t\t\t\t\t<h2 class=\"elementor-heading-title elementor-size-default\">Impress\u00e3o Digital<\/h2>\t\t\t\t<\/div>\n\t\t\t\t<\/div>\n\t\t\t\t\t<\/div>\n\t\t\t\t<\/div>\n\t\t<div class=\"elementor-element elementor-element-605f95c e-flex e-con-boxed wpr-particle-no wpr-jarallax-no wpr-parallax-no wpr-sticky-section-no wpr-equal-height-no e-con e-parent\" data-id=\"605f95c\" data-element_type=\"container\" data-e-type=\"container\" data-settings=\"{&quot;background_background&quot;:&quot;classic&quot;}\">\n\t\t\t\t\t<div class=\"e-con-inner\">\n\t\t<div class=\"elementor-element elementor-element-baee506 e-con-full e-flex wpr-particle-no wpr-jarallax-no wpr-parallax-no wpr-sticky-section-no wpr-equal-height-no e-con e-child\" data-id=\"baee506\" data-element_type=\"container\" data-e-type=\"container\">\n\t\t\t\t<div class=\"elementor-element elementor-element-334cac1 elementor-widget elementor-widget-image\" data-id=\"334cac1\" data-element_type=\"widget\" data-e-type=\"widget\" data-widget_type=\"image.default\">\n\t\t\t\t<div class=\"elementor-widget-container\">\n\t\t\t\t\t\t\t\t\t\t\t\t\t\t\t\t<a href=\"https:\/\/opportunitybox.pt\/index.php\/totens-portfolio\/\">\n\t\t\t\t\t\t\t<img loading=\"lazy\" decoding=\"async\" width=\"800\" height=\"673\" src=\"https:\/\/opportunitybox.pt\/wp-content\/uploads\/2026\/04\/totens-1024x861.png\" class=\"elementor-animation-shrink attachment-large size-large wp-image-837\" alt=\"\" srcset=\"https:\/\/opportunitybox.pt\/wp-content\/uploads\/2026\/04\/totens-1024x861.png 1024w, https:\/\/opportunitybox.pt\/wp-content\/uploads\/2026\/04\/totens-300x252.png 300w, https:\/\/opportunitybox.pt\/wp-content\/uploads\/2026\/04\/totens-768x646.png 768w, https:\/\/opportunitybox.pt\/wp-content\/uploads\/2026\/04\/totens-1536x1291.png 1536w, https:\/\/opportunitybox.pt\/wp-content\/uploads\/2026\/04\/totens-200x168.png 200w, https:\/\/opportunitybox.pt\/wp-content\/uploads\/2026\/04\/totens.png 1788w\" sizes=\"(max-width: 800px) 100vw, 800px\" \/>\t\t\t\t\t\t\t\t<\/a>\n\t\t\t\t\t\t\t\t\t\t\t\t\t\t\t<\/div>\n\t\t\t\t<\/div>\n\t\t\t\t<\/div>\n\t\t<div class=\"elementor-element elementor-element-73b7862 e-con-full e-flex wpr-particle-no wpr-jarallax-no wpr-parallax-no wpr-sticky-section-no wpr-equal-height-no e-con e-child\" data-id=\"73b7862\" data-element_type=\"container\" data-e-type=\"container\">\n\t\t\t\t<div class=\"elementor-element elementor-element-542db1c elementor-widget elementor-widget-image\" data-id=\"542db1c\" data-element_type=\"widget\" data-e-type=\"widget\" data-widget_type=\"image.default\">\n\t\t\t\t<div class=\"elementor-widget-container\">\n\t\t\t\t\t\t\t\t\t\t\t\t\t\t\t\t<a href=\"https:\/\/opportunitybox.pt\/index.php\/neon-portfolio\/\">\n\t\t\t\t\t\t\t<img loading=\"lazy\" decoding=\"async\" width=\"800\" height=\"672\" src=\"https:\/\/opportunitybox.pt\/wp-content\/uploads\/2026\/04\/neon2-1024x860.png\" class=\"elementor-animation-shrink attachment-large size-large wp-image-858\" alt=\"\" srcset=\"https:\/\/opportunitybox.pt\/wp-content\/uploads\/2026\/04\/neon2-1024x860.png 1024w, https:\/\/opportunitybox.pt\/wp-content\/uploads\/2026\/04\/neon2-300x252.png 300w, https:\/\/opportunitybox.pt\/wp-content\/uploads\/2026\/04\/neon2-768x645.png 768w, https:\/\/opportunitybox.pt\/wp-content\/uploads\/2026\/04\/neon2-1536x1290.png 1536w, https:\/\/opportunitybox.pt\/wp-content\/uploads\/2026\/04\/neon2-200x168.png 200w, https:\/\/opportunitybox.pt\/wp-content\/uploads\/2026\/04\/neon2.png 1789w\" sizes=\"(max-width: 800px) 100vw, 800px\" \/>\t\t\t\t\t\t\t\t<\/a>\n\t\t\t\t\t\t\t\t\t\t\t\t\t\t\t<\/div>\n\t\t\t\t<\/div>\n\t\t\t\t<\/div>\n\t\t<div class=\"elementor-element elementor-element-a7006bf e-con-full e-flex wpr-particle-no wpr-jarallax-no wpr-parallax-no wpr-sticky-section-no wpr-equal-height-no e-con e-child\" data-id=\"a7006bf\" data-element_type=\"container\" data-e-type=\"container\">\n\t\t\t\t<div class=\"elementor-element elementor-element-fa2115f elementor-widget elementor-widget-image\" data-id=\"fa2115f\" data-element_type=\"widget\" data-e-type=\"widget\" data-widget_type=\"image.default\">\n\t\t\t\t<div class=\"elementor-widget-container\">\n\t\t\t\t\t\t\t\t\t\t\t\t\t\t\t\t<a href=\"https:\/\/opportunitybox.pt\/index.php\/painel-led-portfolio\/\">\n\t\t\t\t\t\t\t<img loading=\"lazy\" decoding=\"async\" width=\"800\" height=\"672\" src=\"https:\/\/opportunitybox.pt\/wp-content\/uploads\/2026\/04\/painel-1024x860.png\" class=\"elementor-animation-shrink attachment-large size-large wp-image-859\" alt=\"\" srcset=\"https:\/\/opportunitybox.pt\/wp-content\/uploads\/2026\/04\/painel-1024x860.png 1024w, https:\/\/opportunitybox.pt\/wp-content\/uploads\/2026\/04\/painel-300x252.png 300w, https:\/\/opportunitybox.pt\/wp-content\/uploads\/2026\/04\/painel-768x645.png 768w, https:\/\/opportunitybox.pt\/wp-content\/uploads\/2026\/04\/painel-1536x1290.png 1536w, https:\/\/opportunitybox.pt\/wp-content\/uploads\/2026\/04\/painel-200x168.png 200w, https:\/\/opportunitybox.pt\/wp-content\/uploads\/2026\/04\/painel.png 1789w\" sizes=\"(max-width: 800px) 100vw, 800px\" \/>\t\t\t\t\t\t\t\t<\/a>\n\t\t\t\t\t\t\t\t\t\t\t\t\t\t\t<\/div>\n\t\t\t\t<\/div>\n\t\t\t\t<\/div>\n\t\t<div class=\"elementor-element elementor-element-149eecf e-con-full e-flex wpr-particle-no wpr-jarallax-no wpr-parallax-no wpr-sticky-section-no wpr-equal-height-no e-con e-child\" data-id=\"149eecf\" data-element_type=\"container\" data-e-type=\"container\">\n\t\t\t\t<div class=\"elementor-element elementor-element-1911af1 elementor-widget elementor-widget-image\" data-id=\"1911af1\" data-element_type=\"widget\" data-e-type=\"widget\" data-widget_type=\"image.default\">\n\t\t\t\t<div class=\"elementor-widget-container\">\n\t\t\t\t\t\t\t\t\t\t\t\t\t\t\t\t<a href=\"https:\/\/opportunitybox.pt\/index.php\/varios-portfolio\/\">\n\t\t\t\t\t\t\t<img loading=\"lazy\" decoding=\"async\" width=\"800\" height=\"672\" src=\"https:\/\/opportunitybox.pt\/wp-content\/uploads\/2026\/04\/VARIOS-1024x860.png\" class=\"elementor-animation-shrink attachment-large size-large wp-image-864\" alt=\"\" srcset=\"https:\/\/opportunitybox.pt\/wp-content\/uploads\/2026\/04\/VARIOS-1024x860.png 1024w, https:\/\/opportunitybox.pt\/wp-content\/uploads\/2026\/04\/VARIOS-300x252.png 300w, https:\/\/opportunitybox.pt\/wp-content\/uploads\/2026\/04\/VARIOS-768x645.png 768w, https:\/\/opportunitybox.pt\/wp-content\/uploads\/2026\/04\/VARIOS-1536x1290.png 1536w, https:\/\/opportunitybox.pt\/wp-content\/uploads\/2026\/04\/VARIOS-200x168.png 200w, https:\/\/opportunitybox.pt\/wp-content\/uploads\/2026\/04\/VARIOS.png 1789w\" sizes=\"(max-width: 800px) 100vw, 800px\" \/>\t\t\t\t\t\t\t\t<\/a>\n\t\t\t\t\t\t\t\t\t\t\t\t\t\t\t<\/div>\n\t\t\t\t<\/div>\n\t\t\t\t<\/div>\n\t\t\t\t\t<\/div>\n\t\t\t\t<\/div>\n\t\t<div class=\"elementor-element elementor-element-f7b5bff e-flex e-con-boxed wpr-particle-no wpr-jarallax-no wpr-parallax-no wpr-sticky-section-no wpr-equal-height-no e-con e-parent\" data-id=\"f7b5bff\" data-element_type=\"container\" data-e-type=\"container\" data-settings=\"{&quot;background_background&quot;:&quot;classic&quot;}\">\n\t\t\t\t\t<div class=\"e-con-inner\">\n\t\t<div class=\"elementor-element elementor-element-acc018b e-con-full e-flex wpr-particle-no wpr-jarallax-no wpr-parallax-no wpr-sticky-section-no wpr-equal-height-no e-con e-child\" data-id=\"acc018b\" data-element_type=\"container\" data-e-type=\"container\">\n\t\t\t\t<div class=\"elementor-element elementor-element-8d65f85 elementor-widget elementor-widget-heading\" data-id=\"8d65f85\" data-element_type=\"widget\" data-e-type=\"widget\" data-widget_type=\"heading.default\">\n\t\t\t\t<div class=\"elementor-widget-container\">\n\t\t\t\t\t<h2 class=\"elementor-heading-title elementor-size-default\">Totens \/ P\u00f3rticos<\/h2>\t\t\t\t<\/div>\n\t\t\t\t<\/div>\n\t\t\t\t<\/div>\n\t\t<div class=\"elementor-element elementor-element-3884cec e-con-full e-flex wpr-particle-no wpr-jarallax-no wpr-parallax-no wpr-sticky-section-no wpr-equal-height-no e-con e-child\" data-id=\"3884cec\" data-element_type=\"container\" data-e-type=\"container\">\n\t\t\t\t<div class=\"elementor-element elementor-element-62c79ba elementor-widget elementor-widget-heading\" data-id=\"62c79ba\" data-element_type=\"widget\" data-e-type=\"widget\" data-widget_type=\"heading.default\">\n\t\t\t\t<div class=\"elementor-widget-container\">\n\t\t\t\t\t<h2 class=\"elementor-heading-title elementor-size-default\">Neons<\/h2>\t\t\t\t<\/div>\n\t\t\t\t<\/div>\n\t\t\t\t<\/div>\n\t\t<div class=\"elementor-element elementor-element-4911243 e-con-full e-flex wpr-particle-no wpr-jarallax-no wpr-parallax-no wpr-sticky-section-no wpr-equal-height-no e-con e-child\" data-id=\"4911243\" data-element_type=\"container\" data-e-type=\"container\">\n\t\t\t\t<div class=\"elementor-element elementor-element-16b5f39 elementor-widget elementor-widget-heading\" data-id=\"16b5f39\" data-element_type=\"widget\" data-e-type=\"widget\" data-widget_type=\"heading.default\">\n\t\t\t\t<div class=\"elementor-widget-container\">\n\t\t\t\t\t<h2 class=\"elementor-heading-title elementor-size-default\">Painel LED<\/h2>\t\t\t\t<\/div>\n\t\t\t\t<\/div>\n\t\t\t\t<\/div>\n\t\t<div class=\"elementor-element elementor-element-daaefc1 e-con-full e-flex wpr-particle-no wpr-jarallax-no wpr-parallax-no wpr-sticky-section-no wpr-equal-height-no e-con e-child\" data-id=\"daaefc1\" data-element_type=\"container\" data-e-type=\"container\">\n\t\t\t\t<div class=\"elementor-element elementor-element-cdf2cc1 elementor-widget elementor-widget-heading\" data-id=\"cdf2cc1\" data-element_type=\"widget\" data-e-type=\"widget\" data-widget_type=\"heading.default\">\n\t\t\t\t<div class=\"elementor-widget-container\">\n\t\t\t\t\t<h2 class=\"elementor-heading-title elementor-size-default\">V\u00e1rios<\/h2>\t\t\t\t<\/div>\n\t\t\t\t<\/div>\n\t\t\t\t<\/div>\n\t\t\t\t\t<\/div>\n\t\t\t\t<\/div>\n\t\t<div class=\"elementor-element elementor-element-5189aae e-flex e-con-boxed wpr-particle-no wpr-jarallax-no wpr-parallax-no wpr-sticky-section-no wpr-equal-height-no e-con e-parent\" data-id=\"5189aae\" data-element_type=\"container\" data-e-type=\"container\" data-settings=\"{&quot;background_background&quot;:&quot;classic&quot;}\">\n\t\t\t\t\t<div class=\"e-con-inner\">\n\t\t\t\t<div class=\"elementor-element elementor-element-10c1bd7 elementor-widget elementor-widget-elementskit-heading\" data-id=\"10c1bd7\" data-element_type=\"widget\" data-e-type=\"widget\" data-widget_type=\"elementskit-heading.default\">\n\t\t\t\t<div class=\"elementor-widget-container\">\n\t\t\t\t\t<div class=\"ekit-wid-con\" ><div class=\"ekit-heading elementskit-section-title-wraper center   ekit_heading_tablet-   ekit_heading_mobile-\"><h2 class=\"ekit-heading--title elementskit-section-title \">Fale connosco e <br>pe\u00e7a j\u00e1 o seu <br><span><span>or\u00e7amento sem compromisso<\/span><\/span><\/h2><\/div><\/div>\t\t\t\t<\/div>\n\t\t\t\t<\/div>\n\t\t\t\t<div class=\"elementor-element elementor-element-d221df2 elementor-align-start elementor-icon-list--layout-inline elementor-mobile-align-center elementor-list-item-link-full_width elementor-widget elementor-widget-icon-list\" data-id=\"d221df2\" data-element_type=\"widget\" data-e-type=\"widget\" data-widget_type=\"icon-list.default\">\n\t\t\t\t<div class=\"elementor-widget-container\">\n\t\t\t\t\t\t\t<ul class=\"elementor-icon-list-items elementor-inline-items\">\n\t\t\t\t\t\t\t<li class=\"elementor-icon-list-item elementor-inline-item\">\n\t\t\t\t\t\t\t\t\t\t\t<span class=\"elementor-icon-list-icon\">\n\t\t\t\t\t\t\t<svg aria-hidden=\"true\" class=\"e-font-icon-svg e-fas-pencil-ruler\" viewBox=\"0 0 512 512\" xmlns=\"http:\/\/www.w3.org\/2000\/svg\"><path d=\"M109.46 244.04l134.58-134.56-44.12-44.12-61.68 61.68a7.919 7.919 0 0 1-11.21 0l-11.21-11.21c-3.1-3.1-3.1-8.12 0-11.21l61.68-61.68-33.64-33.65C131.47-3.1 111.39-3.1 99 9.29L9.29 99c-12.38 12.39-12.39 32.47 0 44.86l100.17 100.18zm388.47-116.8c18.76-18.76 18.75-49.17 0-67.93l-45.25-45.25c-18.76-18.76-49.18-18.76-67.95 0l-46.02 46.01 113.2 113.2 46.02-46.03zM316.08 82.71l-297 296.96L.32 487.11c-2.53 14.49 10.09 27.11 24.59 24.56l107.45-18.84L429.28 195.9 316.08 82.71zm186.63 285.43l-33.64-33.64-61.68 61.68c-3.1 3.1-8.12 3.1-11.21 0l-11.21-11.21c-3.09-3.1-3.09-8.12 0-11.21l61.68-61.68-44.14-44.14L267.93 402.5l100.21 100.2c12.39 12.39 32.47 12.39 44.86 0l89.71-89.7c12.39-12.39 12.39-32.47 0-44.86z\"><\/path><\/svg>\t\t\t\t\t\t<\/span>\n\t\t\t\t\t\t\t\t\t\t<span class=\"elementor-icon-list-text\">Realizamos o Design<\/span>\n\t\t\t\t\t\t\t\t\t<\/li>\n\t\t\t\t\t\t\t\t<li class=\"elementor-icon-list-item elementor-inline-item\">\n\t\t\t\t\t\t\t\t\t\t\t<span class=\"elementor-icon-list-icon\">\n\t\t\t\t\t\t\t<svg aria-hidden=\"true\" class=\"e-font-icon-svg e-fas-industry\" viewBox=\"0 0 512 512\" xmlns=\"http:\/\/www.w3.org\/2000\/svg\"><path d=\"M475.115 163.781L336 252.309v-68.28c0-18.916-20.931-30.399-36.885-20.248L160 252.309V56c0-13.255-10.745-24-24-24H24C10.745 32 0 42.745 0 56v400c0 13.255 10.745 24 24 24h464c13.255 0 24-10.745 24-24V184.029c0-18.917-20.931-30.399-36.885-20.248z\"><\/path><\/svg>\t\t\t\t\t\t<\/span>\n\t\t\t\t\t\t\t\t\t\t<span class=\"elementor-icon-list-text\">Produ\u00e7\u00e3o<\/span>\n\t\t\t\t\t\t\t\t\t<\/li>\n\t\t\t\t\t\t\t\t<li class=\"elementor-icon-list-item elementor-inline-item\">\n\t\t\t\t\t\t\t\t\t\t\t<span class=\"elementor-icon-list-icon\">\n\t\t\t\t\t\t\t<i aria-hidden=\"true\" class=\"icon icon-engine\"><\/i>\t\t\t\t\t\t<\/span>\n\t\t\t\t\t\t\t\t\t\t<span class=\"elementor-icon-list-text\">Montagem<\/span>\n\t\t\t\t\t\t\t\t\t<\/li>\n\t\t\t\t\t\t<\/ul>\n\t\t\t\t\t\t<\/div>\n\t\t\t\t<\/div>\n\t\t\t\t\t<\/div>\n\t\t\t\t<\/div>\n\t\t\t\t<\/div>\n\t\t","protected":false},"excerpt":{"rendered":"<p>Portf\u00f3lio Reclamos Luminosos Letras 3D Monobloco Sinal\u00e9tica Impress\u00e3o Digital Totens \/ P\u00f3rticos Neons Painel LED V\u00e1rios Fale connosco e pe\u00e7a j\u00e1 o seu or\u00e7amento sem compromisso Realizamos o Design Produ\u00e7\u00e3o Montagem<\/p>\n","protected":false},"author":1,"featured_media":0,"parent":0,"menu_order":0,"comment_status":"closed","ping_status":"closed","template":"","meta":{"footnotes":""},"class_list":["post-198","page","type-page","status-publish","hentry"],"_links":{"self":[{"href":"https:\/\/opportunitybox.pt\/index.php\/wp-json\/wp\/v2\/pages\/198","targetHints":{"allow":["GET"]}}],"collection":[{"href":"https:\/\/opportunitybox.pt\/index.php\/wp-json\/wp\/v2\/pages"}],"about":[{"href":"https:\/\/opportunitybox.pt\/index.php\/wp-json\/wp\/v2\/types\/page"}],"author":[{"embeddable":true,"href":"https:\/\/opportunitybox.pt\/index.php\/wp-json\/wp\/v2\/users\/1"}],"replies":[{"embeddable":true,"href":"https:\/\/opportunitybox.pt\/index.php\/wp-json\/wp\/v2\/comments?post=198"}],"version-history":[{"count":151,"href":"https:\/\/opportunitybox.pt\/index.php\/wp-json\/wp\/v2\/pages\/198\/revisions"}],"predecessor-version":[{"id":1944,"href":"https:\/\/opportunitybox.pt\/index.php\/wp-json\/wp\/v2\/pages\/198\/revisions\/1944"}],"wp:attachment":[{"href":"https:\/\/opportunitybox.pt\/index.php\/wp-json\/wp\/v2\/media?parent=198"}],"curies":[{"name":"wp","href":"https:\/\/api.w.org\/{rel}","templated":true}]}}